{"id":10,"date":"2025-07-27T18:01:17","date_gmt":"2025-07-27T16:01:17","guid":{"rendered":"https:\/\/sandralindalang.de\/?page_id=10"},"modified":"2025-08-02T14:30:07","modified_gmt":"2025-08-02T12:30:07","slug":"home","status":"publish","type":"page","link":"https:\/\/sandralindalang.de\/","title":{"rendered":"Home"},"content":{"rendered":"\n<div class=\"wp-block-columns is-layout-flex wp-container-core-columns-is-layout-28f84493 wp-block-columns-is-layout-flex\">\n<div class=\"wp-block-column is-layout-flow wp-block-column-is-layout-flow\">\n<figure class=\"wp-block-image size-full\"><img loading=\"lazy\" decoding=\"async\" width=\"427\" height=\"640\" src=\"https:\/\/sandralindalang.de\/wp-content\/uploads\/2025\/07\/Spargel_427x640.jpg\" alt=\"Spargel\" class=\"wp-image-73\" srcset=\"https:\/\/sandralindalang.de\/wp-content\/uploads\/2025\/07\/Spargel_427x640.jpg 427w, https:\/\/sandralindalang.de\/wp-content\/uploads\/2025\/07\/Spargel_427x640-200x300.jpg 200w\" sizes=\"auto, (max-width: 427px) 100vw, 427px\" \/><\/figure>\n<\/div>\n\n\n\n<div class=\"wp-block-column is-layout-flow wp-block-column-is-layout-flow\">\n<h2 class=\"wp-block-heading has-text-align-center\">Sandra Linda Lang<\/h2>\n\n\n\n<h3 class=\"wp-block-heading has-text-align-center\">Ganzheitliche Ern\u00e4hrungs- und Gesundheitsberatung<br>(staatlich gepr\u00fcft)<br>&amp;<br>Ern\u00e4hrungs- und Gesundheitsberatung nach Anthony William Medical Medium<\/h3>\n\n\n\n<h3 class=\"wp-block-heading has-text-align-center\">Mitglied bei der Intuitiv Healing Community von Muneeza<\/h3>\n\n\n\n<h3 class=\"wp-block-heading has-text-align-center\">Teilnahme am Rise Up-2-Month Online Practitioner Support Program mit Muneeza<\/h3>\n<\/div>\n<\/div>\n\n\n\n<hr class=\"wp-block-separator has-alpha-channel-opacity\"\/>\n\n\n\n<div class=\"wp-block-columns is-layout-flex wp-container-core-columns-is-layout-28f84493 wp-block-columns-is-layout-flex\">\n<div class=\"wp-block-column is-layout-flow wp-block-column-is-layout-flow\">\n<figure class=\"wp-block-image aligncenter size-full\"><img loading=\"lazy\" decoding=\"async\" width=\"500\" height=\"371\" src=\"https:\/\/sandralindalang.de\/wp-content\/uploads\/2025\/07\/Drachenfruechte_500x371.jpg\" alt=\"Drachenfr\u00fcchte\" class=\"wp-image-82\" srcset=\"https:\/\/sandralindalang.de\/wp-content\/uploads\/2025\/07\/Drachenfruechte_500x371.jpg 500w, https:\/\/sandralindalang.de\/wp-content\/uploads\/2025\/07\/Drachenfruechte_500x371-300x223.jpg 300w\" sizes=\"auto, (max-width: 500px) 100vw, 500px\" \/><\/figure>\n<\/div>\n\n\n\n<div class=\"wp-block-column is-layout-flow wp-block-column-is-layout-flow\">\n<h3 class=\"wp-block-heading has-text-align-center\">Stelle deine Gesundheit und dein Leben wieder her!<\/h3>\n\n\n\n<p class=\"has-text-align-center\">Es gibt einen Ausweg aus Krankheit und Gebrechen!<\/p>\n\n\n\n<p class=\"has-text-align-center\">Was auch immer du gerade durchmachst, ich bin hier, um dir Hoffnung und Unterst\u00fctzung zu geben.<\/p>\n<\/div>\n<\/div>\n\n\n\n<hr class=\"wp-block-separator has-alpha-channel-opacity\"\/>\n\n\n\n<h2 class=\"wp-block-heading has-text-align-center\">Meine Methode<\/h2>\n\n\n\n<div class=\"wp-block-columns is-layout-flex wp-container-core-columns-is-layout-28f84493 wp-block-columns-is-layout-flex\">\n<div class=\"wp-block-column is-layout-flow wp-block-column-is-layout-flow\">\n<figure class=\"wp-block-image aligncenter size-full\"><img loading=\"lazy\" decoding=\"async\" width=\"327\" height=\"218\" src=\"https:\/\/sandralindalang.de\/wp-content\/uploads\/2025\/07\/Melonensaft_327x218.jpg\" alt=\"\" class=\"wp-image-89\" srcset=\"https:\/\/sandralindalang.de\/wp-content\/uploads\/2025\/07\/Melonensaft_327x218.jpg 327w, https:\/\/sandralindalang.de\/wp-content\/uploads\/2025\/07\/Melonensaft_327x218-300x200.jpg 300w\" sizes=\"auto, (max-width: 327px) 100vw, 327px\" \/><\/figure>\n<\/div>\n\n\n\n<div class=\"wp-block-column is-layout-flow wp-block-column-is-layout-flow\">\n<h3 class=\"wp-block-heading has-text-align-center\">Ganzheitlich<\/h3>\n\n\n\n<p class=\"has-text-align-center\">Mein Beratungsansatz ist ganzheitlich, um m\u00f6gliche Zusammenh\u00e4nge und Ursachen von Gesundheitsst\u00f6rungen zu erkennen.<\/p>\n<\/div>\n<\/div>\n\n\n\n<div class=\"wp-block-columns is-layout-flex wp-container-core-columns-is-layout-28f84493 wp-block-columns-is-layout-flex\">\n<div class=\"wp-block-column is-layout-flow wp-block-column-is-layout-flow\">\n<figure class=\"wp-block-image aligncenter size-full\"><img loading=\"lazy\" decoding=\"async\" width=\"327\" height=\"218\" src=\"https:\/\/sandralindalang.de\/wp-content\/uploads\/2025\/07\/Zitronenwasser_327x218.jpg\" alt=\"\" class=\"wp-image-90\" srcset=\"https:\/\/sandralindalang.de\/wp-content\/uploads\/2025\/07\/Zitronenwasser_327x218.jpg 327w, https:\/\/sandralindalang.de\/wp-content\/uploads\/2025\/07\/Zitronenwasser_327x218-300x200.jpg 300w\" sizes=\"auto, (max-width: 327px) 100vw, 327px\" \/><\/figure>\n<\/div>\n\n\n\n<div class=\"wp-block-column is-layout-flow wp-block-column-is-layout-flow\">\n<h3 class=\"wp-block-heading has-text-align-center\">Langzeitstrategie<\/h3>\n\n\n\n<p class=\"has-text-align-center\">Wenn du meine Empfehlungen Schritt f\u00fcr Schritt umsetzt, wirst du bereits nach kurzer Zeit sp\u00fcren, wie dein K\u00f6rper entgiftet und heilt. Bald wirst du immer besser in der Lage sein, selbst zu erkennen, was deinem K\u00f6rper gut tut.<\/p>\n<\/div>\n<\/div>\n\n\n\n<div class=\"wp-block-columns is-layout-flex wp-container-core-columns-is-layout-28f84493 wp-block-columns-is-layout-flex\">\n<div class=\"wp-block-column is-layout-flow wp-block-column-is-layout-flow\">\n<figure class=\"wp-block-image aligncenter size-full\"><img loading=\"lazy\" decoding=\"async\" width=\"327\" height=\"218\" src=\"https:\/\/sandralindalang.de\/wp-content\/uploads\/2025\/07\/SellerieSaft_327x218.jpg\" alt=\"\" class=\"wp-image-91\" srcset=\"https:\/\/sandralindalang.de\/wp-content\/uploads\/2025\/07\/SellerieSaft_327x218.jpg 327w, https:\/\/sandralindalang.de\/wp-content\/uploads\/2025\/07\/SellerieSaft_327x218-300x200.jpg 300w\" sizes=\"auto, (max-width: 327px) 100vw, 327px\" \/><\/figure>\n<\/div>\n\n\n\n<div class=\"wp-block-column is-layout-flow wp-block-column-is-layout-flow\">\n<h3 class=\"wp-block-heading has-text-align-center\">Fehler vermeiden<\/h3>\n\n\n\n<p class=\"has-text-align-center\">Du wirst nie wieder falschen Gesundheitstrends und Fehlinformationen folgen und Geld f\u00fcr nutzlose oder sogar sch\u00e4dliche Produkte ausgeben.<\/p>\n<\/div>\n<\/div>\n\n\n\n<hr class=\"wp-block-separator has-alpha-channel-opacity\"\/>\n\n\n\n<h2 class=\"wp-block-heading has-text-align-center\">Meine Vorgehensweise<\/h2>\n\n\n\n<p class=\"has-text-align-center\">Nach einem kostenlosen Vorgespr\u00e4ch erh\u00e4ltst du einen Anamnesebogen. Dieser dient der Erfassung deines aktuellen Gesundheitszustandes.<\/p>\n\n\n\n<p class=\"has-text-align-center\">Nach der Auswertung des Fragebogens werden dir in einem 1,5 bis 2-st\u00fcndigen Einzelgespr\u00e4ch die Ursachen deiner Erkrankung sowie Empfehlungen zur Ern\u00e4hrung, Entgiftung und Nahrungserg\u00e4nzung erl\u00e4utert.<\/p>\n\n\n\n<p class=\"has-text-align-center\">Anschlie\u00dfend erh\u00e4ltst du eine schriftliche Zusammenfassung des Erstgespr\u00e4chs. Darin sind alle Krankheitsursachen und Empfehlungen aufgef\u00fchrt.<\/p>\n\n\n\n<p class=\"has-text-align-center\">Bei Bedarf erh\u00e4ltst du zus\u00e4tzlich eine Einkaufsberatung, Produktempfehlungen und Tipps f\u00fcr den Alltag.<\/p>\n\n\n\n<p class=\"has-text-align-center\">Sollten w\u00e4hrend der Umstellungsphase Fragen auftauchen, stehe ich dir gerne zur Verf\u00fcgung.<\/p>\n\n\n\n<hr class=\"wp-block-separator has-alpha-channel-opacity\"\/>\n\n\n\n<h2 class=\"wp-block-heading has-text-align-center\">Entgiftung und Heilung<\/h2>\n\n\n\n<div class=\"wp-block-columns is-layout-flex wp-container-core-columns-is-layout-28f84493 wp-block-columns-is-layout-flex\">\n<div class=\"wp-block-column is-layout-flow wp-block-column-is-layout-flow\">\n<h3 class=\"wp-block-heading has-text-align-left\">Gehirn<\/h3>\n\n\n\n<p>Unser neurologisches System ist durch Viren, Toxine, Schwermetalle und Pestizide oft schwer belastet. Diese gelangen aus unserer Umwelt und Nahrung in unseren K\u00f6rper. Die Folgen sind chronische Ersch\u00f6pfung, Konzentrationsprobleme, Depressionen und Alzheimer.<\/p>\n<\/div>\n\n\n\n<div class=\"wp-block-column is-layout-flow wp-block-column-is-layout-flow\">\n<h3 class=\"wp-block-heading has-text-align-left\">Leber<\/h3>\n\n\n\n<p class=\"has-text-align-left\">Wenn Schadstoffe, giftige Metalle, Viren, Medikamentenr\u00fcckst\u00e4nde und eine jahrelange zu fett- und eiwei\u00dfreiche Ern\u00e4hrung die Leber belasten, leidet sie unbemerkt. Beschwerden wie M\u00fcdigkeit, Gicht, Gewichtszunahme, Schlafst\u00f6rungen, Ekzeme, Hitzewallungen, Diabetes, Bluthochdruck und vieles mehr k\u00f6nnen die Folge sein.<\/p>\n<\/div>\n<\/div>\n\n\n\n<div class=\"wp-block-columns is-layout-flex wp-container-core-columns-is-layout-28f84493 wp-block-columns-is-layout-flex\">\n<div class=\"wp-block-column is-layout-flow wp-block-column-is-layout-flow\">\n<h3 class=\"wp-block-heading\">Schilddr\u00fcse<\/h3>\n\n\n\n<p>Schilddr\u00fcsenerkrankungen sind heute weit verbreitet. Schilddr\u00fcsenerkrankungen sind zu 95 % viral und zu 5 % durch radioaktive Strahlung bedingt, das bedeuted, dass Symptome wie M\u00fcdigkeit, Gewichtszunahme, Ged\u00e4chtnisschw\u00e4che, Schlafst\u00f6rungen oder Haarausfall in Wirklichkeit Folgen einer viralen Belastung sind.<\/p>\n<\/div>\n\n\n\n<div class=\"wp-block-column is-layout-flow wp-block-column-is-layout-flow\">\n<h3 class=\"wp-block-heading\">Nebennieren<\/h3>\n\n\n\n<p>Die Nebennieren produzieren lebenswichtige Hormone wie Adrenalin und Cortisol, gleichen den Mangel an Schilddr\u00fcsenhormonen aus, bilden Hormone, die f\u00fcr das Haarwachstum verantwortlich sind, und stabilisieren den Blutzuckerspiegel. Ger\u00e4t die Funktion der Nebennieren aus dem Gleichgewicht, k\u00f6nnen Schw\u00e4che, Antriebslosigkeit, Konzentrationsschw\u00e4che, Vergesslichkeit, Depressionen, Verdauungsprobleme, starker Haarausfall, verschwommenes Sehen, Verstopfung, Schlaflosigkeit und vieles mehr die Folge sein.<\/p>\n<\/div>\n<\/div>\n\n\n\n<hr class=\"wp-block-separator has-alpha-channel-opacity\"\/>\n\n\n\n<h2 class=\"wp-block-heading has-text-align-center\">Mit medizinischen Lebensmitteln<\/h2>\n\n\n\n<figure class=\"wp-block-gallery has-nested-images columns-default is-cropped wp-block-gallery-1 is-layout-flex wp-block-gallery-is-layout-flex\">\n<figure class=\"wp-block-image size-large\"><img loading=\"lazy\" decoding=\"async\" width=\"500\" height=\"333\" data-id=\"109\" src=\"https:\/\/sandralindalang.de\/wp-content\/uploads\/2025\/07\/Zucchine_HG_f4f0ee_500x333.jpg\" alt=\"\" class=\"wp-image-109\" srcset=\"https:\/\/sandralindalang.de\/wp-content\/uploads\/2025\/07\/Zucchine_HG_f4f0ee_500x333.jpg 500w, https:\/\/sandralindalang.de\/wp-content\/uploads\/2025\/07\/Zucchine_HG_f4f0ee_500x333-300x200.jpg 300w\" sizes=\"auto, (max-width: 500px) 100vw, 500px\" \/><\/figure>\n\n\n\n<figure class=\"wp-block-image size-large\"><img loading=\"lazy\" decoding=\"async\" width=\"500\" height=\"333\" data-id=\"108\" src=\"https:\/\/sandralindalang.de\/wp-content\/uploads\/2025\/07\/Aepfel_HG_f4f0ee_500x333.jpg\" alt=\"\" class=\"wp-image-108\" srcset=\"https:\/\/sandralindalang.de\/wp-content\/uploads\/2025\/07\/Aepfel_HG_f4f0ee_500x333.jpg 500w, https:\/\/sandralindalang.de\/wp-content\/uploads\/2025\/07\/Aepfel_HG_f4f0ee_500x333-300x200.jpg 300w\" sizes=\"auto, (max-width: 500px) 100vw, 500px\" \/><\/figure>\n\n\n\n<figure class=\"wp-block-image size-large\"><img loading=\"lazy\" decoding=\"async\" width=\"500\" height=\"318\" data-id=\"107\" src=\"https:\/\/sandralindalang.de\/wp-content\/uploads\/2025\/07\/Rosenkohl_HG_f4f0ee_500x318.jpg\" alt=\"\" class=\"wp-image-107\" srcset=\"https:\/\/sandralindalang.de\/wp-content\/uploads\/2025\/07\/Rosenkohl_HG_f4f0ee_500x318.jpg 500w, https:\/\/sandralindalang.de\/wp-content\/uploads\/2025\/07\/Rosenkohl_HG_f4f0ee_500x318-300x191.jpg 300w\" sizes=\"auto, (max-width: 500px) 100vw, 500px\" \/><\/figure>\n\n\n\n<figure class=\"wp-block-image size-large\"><img loading=\"lazy\" decoding=\"async\" width=\"500\" height=\"334\" data-id=\"106\" src=\"https:\/\/sandralindalang.de\/wp-content\/uploads\/2025\/07\/Papaya_HG_f4f0ee_500x334.jpg\" alt=\"\" class=\"wp-image-106\" srcset=\"https:\/\/sandralindalang.de\/wp-content\/uploads\/2025\/07\/Papaya_HG_f4f0ee_500x334.jpg 500w, https:\/\/sandralindalang.de\/wp-content\/uploads\/2025\/07\/Papaya_HG_f4f0ee_500x334-300x200.jpg 300w\" sizes=\"auto, (max-width: 500px) 100vw, 500px\" \/><\/figure>\n\n\n\n<figure class=\"wp-block-image size-large\"><img loading=\"lazy\" decoding=\"async\" width=\"500\" height=\"366\" data-id=\"105\" src=\"https:\/\/sandralindalang.de\/wp-content\/uploads\/2025\/07\/Mango_HG_f4f0ee_500x366.jpg\" alt=\"\" class=\"wp-image-105\" srcset=\"https:\/\/sandralindalang.de\/wp-content\/uploads\/2025\/07\/Mango_HG_f4f0ee_500x366.jpg 500w, https:\/\/sandralindalang.de\/wp-content\/uploads\/2025\/07\/Mango_HG_f4f0ee_500x366-300x220.jpg 300w\" sizes=\"auto, (max-width: 500px) 100vw, 500px\" \/><\/figure>\n\n\n\n<figure class=\"wp-block-image size-large\"><img loading=\"lazy\" decoding=\"async\" width=\"500\" height=\"371\" data-id=\"82\" src=\"https:\/\/sandralindalang.de\/wp-content\/uploads\/2025\/07\/Drachenfruechte_500x371.jpg\" alt=\"Drachenfr\u00fcchte\" class=\"wp-image-82\" srcset=\"https:\/\/sandralindalang.de\/wp-content\/uploads\/2025\/07\/Drachenfruechte_500x371.jpg 500w, https:\/\/sandralindalang.de\/wp-content\/uploads\/2025\/07\/Drachenfruechte_500x371-300x223.jpg 300w\" sizes=\"auto, (max-width: 500px) 100vw, 500px\" \/><\/figure>\n<\/figure>\n\n\n\n<hr class=\"wp-block-separator has-alpha-channel-opacity\"\/>\n\n\n\n<h2 class=\"wp-block-heading has-text-align-center\">Bei folgenden Problemen bin ich f\u00fcr dich da:<\/h2>\n\n\n\n<p class=\"has-text-align-center\">ADHS; Akne; \u00c4ngste &amp; Phobien; Arthritis; Autismus; Autoimmunerkrankungen; Burnout &amp; Ersch\u00f6pfung; Chronischen Erkrankungen &amp; chronischen Schmerzen; Colitis; Depressionen; Diabetes; Diabetes &amp; Metabolisches Syndrom; Ekzeme; Epstein-Barr-Virus; Fibromyalgie; Gewichtsabnahme oder -zunahme; Hashimoto; Hautkrankheiten &amp; Neurodermitis; Hormonst\u00f6rungen; H\u00f6rverlust &amp; Tinnitus; Konzentrationsprobleme &amp; Brain Fog; Kopfschmerzen &amp; Migr\u00e4ne; Leaky Gut-Syndrom; Lupus; Lyme-Borreliose; Migr\u00e4ne; Multiple Sklerose; Nahrungsmittelunvertr\u00e4glichkeiten &amp; Allergien; Nebenniereninsuffizienz; Neurologische &amp; neurodegenerative Krankheiten; Psoriasis; PTBS; Rheumatoide Arthritis; Rosazea; Schilddr\u00fcsenerkrankungen; Schwindel und Tinnitus; Traumata &amp; Depressionen; \u00dcber- &amp; Untergewicht &amp; Adipositas; Verdauungsbeschwerden &amp; Magen-Darm-Erkrankungen; Wechseljahresbeschwerden und vieles mehr\u2026<\/p>\n\n\n\n<p><\/p>\n","protected":false},"excerpt":{"rendered":"<p>Sandra Linda Lang Ganzheitliche Ern\u00e4hrungs- und Gesundheitsberatung(staatlich gepr\u00fcft)&amp;Ern\u00e4hrungs- und Gesundheitsberatung nach Anthony William Medical Medium Mitglied bei der Intuitiv Healing Community von Muneeza Teilnahme am Rise Up-2-Month Online Practitioner Support Program mit Muneeza Stelle deine Gesundheit und dein Leben wieder her! Es gibt einen Ausweg aus Krankheit und Gebrechen! Was auch immer du gerade durchmachst, [&hellip;]<\/p>\n","protected":false},"author":1,"featured_media":0,"parent":0,"menu_order":0,"comment_status":"closed","ping_status":"closed","template":"","meta":{"footnotes":""},"class_list":["post-10","page","type-page","status-publish","hentry"],"_links":{"self":[{"href":"https:\/\/sandralindalang.de\/index.php?rest_route=\/wp\/v2\/pages\/10","targetHints":{"allow":["GET"]}}],"collection":[{"href":"https:\/\/sandralindalang.de\/index.php?rest_route=\/wp\/v2\/pages"}],"about":[{"href":"https:\/\/sandralindalang.de\/index.php?rest_route=\/wp\/v2\/types\/page"}],"author":[{"embeddable":true,"href":"https:\/\/sandralindalang.de\/index.php?rest_route=\/wp\/v2\/users\/1"}],"replies":[{"embeddable":true,"href":"https:\/\/sandralindalang.de\/index.php?rest_route=%2Fwp%2Fv2%2Fcomments&post=10"}],"version-history":[{"count":10,"href":"https:\/\/sandralindalang.de\/index.php?rest_route=\/wp\/v2\/pages\/10\/revisions"}],"predecessor-version":[{"id":348,"href":"https:\/\/sandralindalang.de\/index.php?rest_route=\/wp\/v2\/pages\/10\/revisions\/348"}],"wp:attachment":[{"href":"https:\/\/sandralindalang.de\/index.php?rest_route=%2Fwp%2Fv2%2Fmedia&parent=10"}],"curies":[{"name":"wp","href":"https:\/\/api.w.org\/{rel}","templated":true}]}}