{"id":12,"date":"2025-07-27T18:01:40","date_gmt":"2025-07-27T16:01:40","guid":{"rendered":"https:\/\/sandralindalang.de\/?page_id=12"},"modified":"2025-07-30T18:24:13","modified_gmt":"2025-07-30T16:24:13","slug":"about-us","status":"publish","type":"page","link":"https:\/\/sandralindalang.de\/?page_id=12","title":{"rendered":"About"},"content":{"rendered":"\n<h1 class=\"wp-block-heading has-text-align-center\">Sandra Linda Lang<\/h1>\n\n\n\n<div class=\"wp-block-columns is-layout-flex wp-container-core-columns-is-layout-28f84493 wp-block-columns-is-layout-flex\">\n<div class=\"wp-block-column is-layout-flow wp-block-column-is-layout-flow\">\n<figure class=\"wp-block-image aligncenter size-full\"><img loading=\"lazy\" decoding=\"async\" width=\"480\" height=\"640\" src=\"https:\/\/sandralindalang.de\/wp-content\/uploads\/2025\/07\/SandraLindaLang_SW_480x640.jpg\" alt=\"\" class=\"wp-image-122\" srcset=\"https:\/\/sandralindalang.de\/wp-content\/uploads\/2025\/07\/SandraLindaLang_SW_480x640.jpg 480w, https:\/\/sandralindalang.de\/wp-content\/uploads\/2025\/07\/SandraLindaLang_SW_480x640-225x300.jpg 225w\" sizes=\"auto, (max-width: 480px) 100vw, 480px\" \/><\/figure>\n<\/div>\n\n\n\n<div class=\"wp-block-column is-layout-flow wp-block-column-is-layout-flow\">\n<h2 class=\"wp-block-heading\">\u00dcber mich<\/h2>\n\n\n\n<p>Nachdem ich selbst nach jahrelanger chronischer Erkrankung ca. 30 verschiedene \u00c4rzte und Heilpraktiker erfolglos aufgesucht habe, die zum Teil sogar Di\u00e4ten und Empfehlungen weitergaben, die eher hinderlich als heilsam waren, habe ich mir zum Ziel gesetzt, anderen Betroffenen diesen langen Leidensweg zu ersparen und diese Menschen mit Verst\u00e4ndnis und Mitgef\u00fchl auf ihrem Heilungsweg zu begleiten.<\/p>\n<\/div>\n<\/div>\n\n\n\n<hr class=\"wp-block-separator has-alpha-channel-opacity\"\/>\n\n\n\n<h2 class=\"wp-block-heading has-text-align-center\">Vereinbare einen Termin f\u00fcr ein unverbindliches Erstgespr\u00e4ch<\/h2>\n\n\n\n<p class=\"has-text-align-center\">Sandra Linda Lang<br>Gesundheitsberatung<br>M\u00fchlstra\u00dfe 36, 82438 Eschenlohe<br>E-Mail: gesundheit@sandralindalang.de<\/p>\n\n\n\n<hr class=\"wp-block-separator has-alpha-channel-opacity\"\/>\n\n\n\n<h2 class=\"wp-block-heading has-text-align-center\">Preise<\/h2>\n\n\n\n<p class=\"has-text-align-center\">Kostenloses Vorgespr\u00e4ch (bis zu 15 Minuten)<br>Einzelgespr\u00e4ch (telefonisch oder online): 127,- EUR<br>12 Wochen Coaching: 377,- EUR<\/p>\n\n\n\n<hr class=\"wp-block-separator has-alpha-channel-opacity\"\/>\n\n\n\n<h2 class=\"wp-block-heading has-text-align-center\">Detailinformationen zum Einzelgespr\u00e4ch<\/h2>\n\n\n\n<ul class=\"wp-block-list\">\n<li>Gespr\u00e4chsdauer des Einzelgespr\u00e4chs: 1,5 Stunden<\/li>\n\n\n\n<li>beinhaltet schriftliche Zusammenfassung des Gespr\u00e4chsinhalts<\/li>\n\n\n\n<li>individuelle Empfehlungen zur Ern\u00e4hrung und Entgiftung<\/li>\n\n\n\n<li>pers\u00f6nliche Supplement-Empfehlungen<\/li>\n\n\n\n<li>bei Bedarf Einkaufsberatung, Produktempfehlung und Tipps f\u00fcr den Alltag<\/li>\n<\/ul>\n\n\n\n<hr class=\"wp-block-separator has-alpha-channel-opacity\"\/>\n\n\n\n<h2 class=\"wp-block-heading has-text-align-center\">Detailinformationen zum Coaching<\/h2>\n\n\n\n<ul class=\"wp-block-list\">\n<li>1 x 1,5 Stunden Erstgespr\u00e4ch<\/li>\n\n\n\n<li>2 x 1 Stunde Folgegespr\u00e4ch<\/li>\n\n\n\n<li>eine schriftliche Zusammenfassung des Erstgespr\u00e4chs<\/li>\n\n\n\n<li>individuelle Empfehlungen zur Ern\u00e4hrung und Entgiftung<\/li>\n\n\n\n<li>pers\u00f6nliche Supplement-Empfehlungen<\/li>\n\n\n\n<li>bei Bedarf Einkaufsberatung, Produktempfehlung und Tipps f\u00fcr den Alltag<\/li>\n\n\n\n<li>einen pers\u00f6nlichen Support per E-Mail, Telegram oder Signal<\/li>\n<\/ul>\n\n\n\n<p><\/p>\n","protected":false},"excerpt":{"rendered":"<p>Sandra Linda Lang \u00dcber mich Nachdem ich selbst nach jahrelanger chronischer Erkrankung ca. 30 verschiedene \u00c4rzte und Heilpraktiker erfolglos aufgesucht habe, die zum Teil sogar Di\u00e4ten und Empfehlungen weitergaben, die eher hinderlich als heilsam waren, habe ich mir zum Ziel gesetzt, anderen Betroffenen diesen langen Leidensweg zu ersparen und diese Menschen mit Verst\u00e4ndnis und Mitgef\u00fchl [&hellip;]<\/p>\n","protected":false},"author":1,"featured_media":0,"parent":0,"menu_order":0,"comment_status":"closed","ping_status":"closed","template":"","meta":{"footnotes":""},"class_list":["post-12","page","type-page","status-publish","hentry"],"_links":{"self":[{"href":"https:\/\/sandralindalang.de\/index.php?rest_route=\/wp\/v2\/pages\/12","targetHints":{"allow":["GET"]}}],"collection":[{"href":"https:\/\/sandralindalang.de\/index.php?rest_route=\/wp\/v2\/pages"}],"about":[{"href":"https:\/\/sandralindalang.de\/index.php?rest_route=\/wp\/v2\/types\/page"}],"author":[{"embeddable":true,"href":"https:\/\/sandralindalang.de\/index.php?rest_route=\/wp\/v2\/users\/1"}],"replies":[{"embeddable":true,"href":"https:\/\/sandralindalang.de\/index.php?rest_route=%2Fwp%2Fv2%2Fcomments&post=12"}],"version-history":[{"count":9,"href":"https:\/\/sandralindalang.de\/index.php?rest_route=\/wp\/v2\/pages\/12\/revisions"}],"predecessor-version":[{"id":132,"href":"https:\/\/sandralindalang.de\/index.php?rest_route=\/wp\/v2\/pages\/12\/revisions\/132"}],"wp:attachment":[{"href":"https:\/\/sandralindalang.de\/index.php?rest_route=%2Fwp%2Fv2%2Fmedia&parent=12"}],"curies":[{"name":"wp","href":"https:\/\/api.w.org\/{rel}","templated":true}]}}