{"id":16,"date":"2025-07-27T18:02:52","date_gmt":"2025-07-27T16:02:52","guid":{"rendered":"https:\/\/sandralindalang.de\/?page_id=16"},"modified":"2025-07-27T19:17:09","modified_gmt":"2025-07-27T17:17:09","slug":"datenschutzerklaerung-2","status":"publish","type":"page","link":"https:\/\/sandralindalang.de\/?page_id=16","title":{"rendered":"Datenschutzerkl\u00e4rung"},"content":{"rendered":"\n<h2 class=\"wp-block-heading\"><br>Verantwortlich<\/h2>\n\n\n\n<p>Sandra Linda Lang<br>M\u00fchlstra\u00dfe 36<br>82438 Eschenlohe<\/p>\n\n\n\n<p>E-Mail: gesundheit@sandralindalang.de<\/p>\n\n\n\n<h2 class=\"wp-block-heading\"><br>Arten der erhobenen Daten<\/h2>\n\n\n\n<ul class=\"wp-block-list\">\n<li>Name<\/li>\n\n\n\n<li>E-Mail-Adresse<\/li>\n\n\n\n<li>Telefonnummer<\/li>\n\n\n\n<li>Adresse<\/li>\n\n\n\n<li>IP-Adresse<\/li>\n\n\n\n<li>Cookies und \u00e4hnliche Tracking-Technologien (mehr Informationen dazu siehe \u201eCookies und Tracking\u201c)<\/li>\n<\/ul>\n\n\n\n<h2 class=\"wp-block-heading\"><br>Zwecke der Datenverarbeitung<\/h2>\n\n\n\n<ul class=\"wp-block-list\">\n<li>Bearbeitung von Anfragen und Bestellungen<\/li>\n\n\n\n<li>Bereitstellung von Informationen \u00fcber unsere Produkte und Dienstleistungen<\/li>\n\n\n\n<li>Versand von Newslettern (nur mit ausdr\u00fccklicher Einwilligung)<\/li>\n\n\n\n<li>Verbesserung unserer Website und Dienstleistungen<\/li>\n\n\n\n<li>Gew\u00e4hrleistung der Sicherheit und Integrit\u00e4t unserer Systeme<\/li>\n<\/ul>\n\n\n\n<h2 class=\"wp-block-heading\"><br>Rechtsgrundlage<\/h2>\n\n\n\n<p><br>Die Verarbeitung Ihrer personenbezogenen Daten erfolgt auf folgenden rechtlichen Grundlagen:<\/p>\n\n\n\n<ul class=\"wp-block-list\">\n<li>Erf\u00fcllung eines Vertrags: Die Verarbeitung ist zur Durchf\u00fchrung eines mit Ihnen geschlossenen Vertrags erforderlich.<\/li>\n\n\n\n<li>Einwilligung: Sofern Sie uns Ihre ausdr\u00fcckliche Einwilligung zur Verarbeitung Ihrer Daten erteilt haben, erfolgt die Verarbeitung auf Grundlage dieser Einwilligung.<\/li>\n\n\n\n<li>Berechtigtes Interesse: Wir verarbeiten Ihre Daten, um unsere berechtigten Interessen zu wahren, sofern Ihre Interessen oder Grundrechte und Grundfreiheiten nicht \u00fcberwiegen.<\/li>\n<\/ul>\n\n\n\n<h2 class=\"wp-block-heading\"><br>Weitergabe von Daten<\/h2>\n\n\n\n<p><br>Ihre personenbezogenen Daten k\u00f6nnen an folgende Empf\u00e4nger weitergegeben werden:<\/p>\n\n\n\n<ul class=\"wp-block-list\">\n<li>Externe Dienstleister, die uns bei der Bereitstellung unserer Dienstleistungen unterst\u00fctzen, wie z.B. Zahlungsanbieter oder Versanddienstleister.<\/li>\n<\/ul>\n\n\n\n<h2 class=\"wp-block-heading\"><br>Speicherdauer<\/h2>\n\n\n\n<p><br>Wir speichern Ihre personenbezogenen Daten nur so lange, wie dies f\u00fcr die Zwecke, f\u00fcr die sie erhoben wurden, erforderlich ist, es sei denn, es bestehen rechtliche Aufbewahrungspflichten.<\/p>\n\n\n\n<h2 class=\"wp-block-heading\"><br>Ihre Rechte<\/h2>\n\n\n\n<p><br>Sie haben das Recht auf Auskunft, Berichtigung, L\u00f6schung, Einschr\u00e4nkung der Verarbeitung und Daten\u00fcbertragbarkeit Ihrer personenbezogenen Daten. Sie k\u00f6nnen Ihre Einwilligung zur Verarbeitung Ihrer Daten jederzeit widerrufen. Wenn Sie Fragen oder Beschwerden zur Verarbeitung Ihrer Daten haben, k\u00f6nnen Sie sich an uns wenden oder eine Beschwerde bei der zust\u00e4ndigen Datenschutzbeh\u00f6rde einreichen.<\/p>\n\n\n\n<p><\/p>\n","protected":false},"excerpt":{"rendered":"<p>Verantwortlich Sandra Linda LangM\u00fchlstra\u00dfe 3682438 Eschenlohe E-Mail: gesundheit@sandralindalang.de Arten der erhobenen Daten Zwecke der Datenverarbeitung Rechtsgrundlage Die Verarbeitung Ihrer personenbezogenen Daten erfolgt auf folgenden rechtlichen Grundlagen: Weitergabe von Daten Ihre personenbezogenen Daten k\u00f6nnen an folgende Empf\u00e4nger weitergegeben werden: Speicherdauer Wir speichern Ihre personenbezogenen Daten nur so lange, wie dies f\u00fcr die Zwecke, f\u00fcr die sie [&hellip;]<\/p>\n","protected":false},"author":1,"featured_media":0,"parent":0,"menu_order":0,"comment_status":"closed","ping_status":"closed","template":"","meta":{"footnotes":""},"class_list":["post-16","page","type-page","status-publish","hentry"],"_links":{"self":[{"href":"https:\/\/sandralindalang.de\/index.php?rest_route=\/wp\/v2\/pages\/16","targetHints":{"allow":["GET"]}}],"collection":[{"href":"https:\/\/sandralindalang.de\/index.php?rest_route=\/wp\/v2\/pages"}],"about":[{"href":"https:\/\/sandralindalang.de\/index.php?rest_route=\/wp\/v2\/types\/page"}],"author":[{"embeddable":true,"href":"https:\/\/sandralindalang.de\/index.php?rest_route=\/wp\/v2\/users\/1"}],"replies":[{"embeddable":true,"href":"https:\/\/sandralindalang.de\/index.php?rest_route=%2Fwp%2Fv2%2Fcomments&post=16"}],"version-history":[{"count":9,"href":"https:\/\/sandralindalang.de\/index.php?rest_route=\/wp\/v2\/pages\/16\/revisions"}],"predecessor-version":[{"id":67,"href":"https:\/\/sandralindalang.de\/index.php?rest_route=\/wp\/v2\/pages\/16\/revisions\/67"}],"wp:attachment":[{"href":"https:\/\/sandralindalang.de\/index.php?rest_route=%2Fwp%2Fv2%2Fmedia&parent=16"}],"curies":[{"name":"wp","href":"https:\/\/api.w.org\/{rel}","templated":true}]}}